{"id":489,"date":"2020-10-16T17:41:01","date_gmt":"2020-10-16T15:41:01","guid":{"rendered":"https:\/\/www.grafas.org\/demo01\/?page_id=489"},"modified":"2024-01-30T01:17:06","modified_gmt":"2024-01-30T00:17:06","slug":"nosotros","status":"publish","type":"page","link":"https:\/\/turisumacviajes.com\/index.php\/nosotros\/","title":{"rendered":"Nosotros"},"content":{"rendered":"<style>\/*! elementor - v3.15.0 - 09-08-2023 *\/<br \/>\n.elementor-heading-title{padding:0;margin:0;line-height:1}.elementor-widget-heading .elementor-heading-title[class*=elementor-size-]>a{color:inherit;font-size:inherit;line-height:inherit}.elementor-widget-heading .elementor-heading-title.elementor-size-small{font-size:15px}.elementor-widget-heading .elementor-heading-title.elementor-size-medium{font-size:19px}.elementor-widget-heading .elementor-heading-title.elementor-size-large{font-size:29px}.elementor-widget-heading .elementor-heading-title.elementor-size-xl{font-size:39px}.elementor-widget-heading .elementor-heading-title.elementor-size-xxl{font-size:59px}<\/style>\n<h1>Nosotros<\/h1>\n<style>\/*! elementor - v3.15.0 - 09-08-2023 *\/<br \/>\n.elementor-column .elementor-spacer-inner{height:var(--spacer-size)}.e-con{--container-widget-width:100%}.e-con-inner>.elementor-widget-spacer,.e-con>.elementor-widget-spacer{width:var(--container-widget-width,var(--spacer-size));--align-self:var(--container-widget-align-self,initial);--flex-shrink:0}.e-con-inner>.elementor-widget-spacer>.elementor-widget-container,.e-con-inner>.elementor-widget-spacer>.elementor-widget-container>.elementor-spacer,.e-con>.elementor-widget-spacer>.elementor-widget-container,.e-con>.elementor-widget-spacer>.elementor-widget-container>.elementor-spacer{height:100%}.e-con-inner>.elementor-widget-spacer>.elementor-widget-container>.elementor-spacer>.elementor-spacer-inner,.e-con>.elementor-widget-spacer>.elementor-widget-container>.elementor-spacer>.elementor-spacer-inner{height:var(--container-widget-height,var(--spacer-size))}<\/style>\n<style>\/*! elementor - v3.15.0 - 09-08-2023 *\/<br \/>\n.elementor-widget-divider{--divider-border-style:none;--divider-border-width:1px;--divider-color:#0c0d0e;--divider-icon-size:20px;--divider-element-spacing:10px;--divider-pattern-height:24px;--divider-pattern-size:20px;--divider-pattern-url:none;--divider-pattern-repeat:repeat-x}.elementor-widget-divider .elementor-divider{display:flex}.elementor-widget-divider .elementor-divider__text{font-size:15px;line-height:1;max-width:95%}.elementor-widget-divider .elementor-divider__element{margin:0 var(--divider-element-spacing);flex-shrink:0}.elementor-widget-divider .elementor-icon{font-size:var(--divider-icon-size)}.elementor-widget-divider .elementor-divider-separator{display:flex;margin:0;direction:ltr}.elementor-widget-divider--view-line_icon .elementor-divider-separator,.elementor-widget-divider--view-line_text .elementor-divider-separator{align-items:center}.elementor-widget-divider--view-line_icon .elementor-divider-separator:after,.elementor-widget-divider--view-line_icon .elementor-divider-separator:before,.elementor-widget-divider--view-line_text .elementor-divider-separator:after,.elementor-widget-divider--view-line_text .elementor-divider-separator:before{display:block;content:\"\";border-bottom:0;flex-grow:1;border-top:var(--divider-border-width) var(--divider-border-style) var(--divider-color)}.elementor-widget-divider--element-align-left .elementor-divider .elementor-divider-separator>.elementor-divider__svg:first-of-type{flex-grow:0;flex-shrink:100}.elementor-widget-divider--element-align-left .elementor-divider-separator:before{content:none}.elementor-widget-divider--element-align-left .elementor-divider__element{margin-left:0}.elementor-widget-divider--element-align-right .elementor-divider .elementor-divider-separator>.elementor-divider__svg:last-of-type{flex-grow:0;flex-shrink:100}.elementor-widget-divider--element-align-right .elementor-divider-separator:after{content:none}.elementor-widget-divider--element-align-right .elementor-divider__element{margin-right:0}.elementor-widget-divider:not(.elementor-widget-divider--view-line_text):not(.elementor-widget-divider--view-line_icon) .elementor-divider-separator{border-top:var(--divider-border-width) var(--divider-border-style) var(--divider-color)}.elementor-widget-divider--separator-type-pattern{--divider-border-style:none}.elementor-widget-divider--separator-type-pattern.elementor-widget-divider--view-line .elementor-divider-separator,.elementor-widget-divider--separator-type-pattern:not(.elementor-widget-divider--view-line) .elementor-divider-separator:after,.elementor-widget-divider--separator-type-pattern:not(.elementor-widget-divider--view-line) .elementor-divider-separator:before,.elementor-widget-divider--separator-type-pattern:not([class*=elementor-widget-divider--view]) .elementor-divider-separator{width:100%;min-height:var(--divider-pattern-height);-webkit-mask-size:var(--divider-pattern-size) 100%;mask-size:var(--divider-pattern-size) 100%;-webkit-mask-repeat:var(--divider-pattern-repeat);mask-repeat:var(--divider-pattern-repeat);background-color:var(--divider-color);-webkit-mask-image:var(--divider-pattern-url);mask-image:var(--divider-pattern-url)}.elementor-widget-divider--no-spacing{--divider-pattern-size:auto}.elementor-widget-divider--bg-round{--divider-pattern-repeat:round}.rtl .elementor-widget-divider .elementor-divider__text{direction:rtl}.e-con-inner>.elementor-widget-divider,.e-con>.elementor-widget-divider{width:var(--container-widget-width,100%);--flex-grow:var(--container-widget-flex-grow)}<\/style>\n<p>\t\t\t\t.\ud835\udc7b\ud835\udc96\ud835\udc93\ud835\udc8a\ud835\udc94\ud835\udc96\ud835\udc8e\ud835\udc82\ud835\udc84 \ud835\udc7b\ud835\udc90\ud835\udc96\ud835\udc93\ud835\udc94  tu mejor compa\u00f1ia&#8230;<\/p>\n<p style=\"text-align: center;\">Somos una empresa establecida con un enfoque constante en la renovaci\u00f3n, nos anticipamos a las necesidades y gustos de nuestros clientes particulares y corporativos. Nuestras ofertas exclusivas se personalizan al m\u00e1ximo. Sin embargo, nuestro mayor activo es nuestro personal altamente dedicado. Desde el principio nos preocupamos personalmente por todas las necesidades de su familia o empresa, aplicando y optimizando las pol\u00edticas de viaje para garantizar una experiencia \u00fanica. Descubra la diferencia de viajar con nosotros hoy mismo.<\/p>\n<h4 style=\"text-align: center;\">Misi\u00f3n<\/h4>\n<p style=\"text-align: center;\">Turisumac Tours tiene como misi\u00f3n brindar los mejores servicios tur\u00edsticos del mercado, superando las expectativas de nuestros clientes y minimizando los impactos que afectan el medio ambiente (ahorrando energ\u00eda y reciclando). La atenci\u00f3n personalizada, la buena comunicaci\u00f3n y la rapidez en nuestros servicios son tres pilares importantes para cumplir esta misi\u00f3n.<\/p>\n","protected":false},"excerpt":{"rendered":"<p>Nosotros .\ud835\udc7b\ud835\udc96\ud835\udc93\ud835\udc8a\ud835\udc94\ud835\udc96\ud835\udc8e\ud835\udc82\ud835\udc84 \ud835\udc7b\ud835\udc90\ud835\udc96\ud835\udc93\ud835\udc94 tu mejor compa\u00f1ia&#8230; Somos una empresa establecida con un enfoque constante en la renovaci\u00f3n, nos anticipamos a las necesidades y gustos de nuestros clientes particulares y corporativos. Nuestras ofertas exclusivas se personalizan al m\u00e1ximo. Sin embargo, nuestro mayor activo es nuestro personal altamente dedicado. Desde el principio nos preocupamos personalmente por todas&#8230;<\/p>\n","protected":false},"author":1,"featured_media":0,"parent":0,"menu_order":0,"comment_status":"closed","ping_status":"closed","template":"elementor_header_footer","meta":{"_kad_post_transparent":"","_kad_post_title":"hide","_kad_post_layout":"normal","_kad_post_sidebar_id":"","_kad_post_content_style":"unboxed","_kad_post_vertical_padding":"hide","_kad_post_feature":"hide","_kad_post_feature_position":"","_kad_post_header":false,"_kad_post_footer":false,"footnotes":""},"class_list":["post-489","page","type-page","status-publish","hentry"],"_links":{"self":[{"href":"https:\/\/turisumacviajes.com\/index.php\/wp-json\/wp\/v2\/pages\/489","targetHints":{"allow":["GET"]}}],"collection":[{"href":"https:\/\/turisumacviajes.com\/index.php\/wp-json\/wp\/v2\/pages"}],"about":[{"href":"https:\/\/turisumacviajes.com\/index.php\/wp-json\/wp\/v2\/types\/page"}],"author":[{"embeddable":true,"href":"https:\/\/turisumacviajes.com\/index.php\/wp-json\/wp\/v2\/users\/1"}],"replies":[{"embeddable":true,"href":"https:\/\/turisumacviajes.com\/index.php\/wp-json\/wp\/v2\/comments?post=489"}],"version-history":[{"count":40,"href":"https:\/\/turisumacviajes.com\/index.php\/wp-json\/wp\/v2\/pages\/489\/revisions"}],"predecessor-version":[{"id":2465,"href":"https:\/\/turisumacviajes.com\/index.php\/wp-json\/wp\/v2\/pages\/489\/revisions\/2465"}],"wp:attachment":[{"href":"https:\/\/turisumacviajes.com\/index.php\/wp-json\/wp\/v2\/media?parent=489"}],"curies":[{"name":"wp","href":"https:\/\/api.w.org\/{rel}","templated":true}]}}